{"id":2616,"date":"2014-04-04T20:13:45","date_gmt":"2014-04-04T18:13:45","guid":{"rendered":"http:\/\/blogs.alaquas.net\/maestrosanchis\/?page_id=2616"},"modified":"2023-03-26T11:20:48","modified_gmt":"2023-03-26T09:20:48","slug":"sol%c2%b7licitud-telematica","status":"publish","type":"page","link":"http:\/\/blogs.alaquas.net\/maestrosanchis\/?page_id=2616","title":{"rendered":"ADM TELEMATR\u00cdCULA: la sol\u00b7licitud telem\u00e0tica."},"content":{"rendered":"<p style=\"text-align: center;\"><img loading=\"lazy\" decoding=\"async\" class=\"aligncenter size-full wp-image-21200\" src=\"http:\/\/blogs.alaquas.net\/maestrosanchis\/wp-content\/uploads\/2021\/05\/IMG_9747.jpg\" alt=\"\" width=\"1024\" height=\"512\" srcset=\"http:\/\/blogs.alaquas.net\/maestrosanchis\/wp-content\/uploads\/2021\/05\/IMG_9747.jpg 1024w, http:\/\/blogs.alaquas.net\/maestrosanchis\/wp-content\/uploads\/2021\/05\/IMG_9747-300x150.jpg 300w, http:\/\/blogs.alaquas.net\/maestrosanchis\/wp-content\/uploads\/2021\/05\/IMG_9747-768x384.jpg 768w\" sizes=\"(max-width: 1024px) 100vw, 1024px\" \/><\/p>\n<p style=\"text-align: center;\">Les fam\u00edlies sols podem omplir la sol\u00b7licitud per a l&#8217;admissi\u00f3 de forma telem\u00e0tica seguint aquestos enlla\u00e7os:<\/p>\n<p style=\"text-align: center;\"><span style=\"background-color: #ffff00;\"><strong>A) Primer cal obtenir la \u00abClau d&#8217;admissi\u00f3\u00bb<\/strong><\/span><\/p>\n<p style=\"text-align: center;\">La clau d\u2019acc\u00e9s la pots sol\u00b7licitar a partir del 25 de maig per a les etapes d\u2019Infantil i Prim\u00e0ria.<br>Pot aconseguir-la picant <a href=\"https:\/\/portal.edu.gva.es\/telematricula\/\" target=\"_blank\" rel=\"noopener\">AC\u00cd<\/a>.<\/p>\n<p style=\"text-align: center;\">Amb l\u2019usuari que generes podr\u00e0s presentar la sol\u00b7licitud d\u2019un \u00fanic participant en cada convocat\u00f2ria telem\u00e0tica. Per tant, si necessites presentar la sol\u00b7licitud per a dos o m\u00e9s alumnes d&#8217;Educaci\u00f3 Infantil o de Prim\u00e0ria haur\u00e0s de generar un usuari diferent per a cadascun d\u2019ells. <\/p>\n<p style=\"text-align: center;\"><span style=\"background-color: #99cc00;\"><strong><span style=\"color: #ff0000;\">SI ES TRACTA DE GERMANES I\/O GERMANS BESSONS SOLS CAL UTILITZAR UNA CLAU D&#8217;ADMISSI\u00d3.<\/span> <\/strong><\/span><\/p>\n<p style=\"text-align: center;\">Les opcions d\u2019identificaci\u00f3 seran les seg\u00fcents:<br><strong>&#8211; Identificaci\u00f3 per DNI o NIE<\/strong> (Targeta d\u2019estranger, Perm\u00eds de resid\u00e8ncia o Certificat de registre de ciutad\u00e0 de la Uni\u00f3) o amb<br><strong>&#8211; DNIe<\/strong>\/<strong>Certificat electr\u00f2nic<\/strong>\/<strong>Cl@ve PIN<\/strong>\/<strong>Cl@ve Permanent<\/strong>.<\/p>\n<p style=\"text-align: center;\"><span style=\"text-decoration: underline;\">Si no pots identificar-te amb cap de les opcions indicades has d\u2019acudir al centre educatiu que vols sol\u00b7licitar com a primera opci\u00f3 amb un document que acredite la teua identitat.<\/span><\/p>\n<p style=\"text-align: center;\"><span style=\"background-color: #ffff00;\"><strong>B) Segon cal realitzar la petici\u00f3 en un dels seg\u00fcent enlla\u00e7os segons corresponga:<\/strong><\/span><\/p>\n<p style=\"text-align: center;\">Des de l&#8217;enlla\u00e7 anterior podr\u00e0s continuar la petici\u00f3 o b\u00e9 picant <a href=\"https:\/\/portal.edu.gva.es\/telematricula\/\" target=\"_blank\" rel=\"noopener\">AC\u00cd<\/a>.<\/p>\n<h3 style=\"text-align: center;\"><span style=\"text-decoration: underline;\"><span style=\"color: #ff0000; text-decoration: underline;\"><strong><span style=\"font-family: Arial,sans-serif;\"><span style=\"font-size: small;\">\u00c9s necessari disposar d&#8217;una <\/span><\/span><\/strong><strong><span style=\"font-family: Arial,sans-serif;\"><span style=\"font-size: small;\">adre\u00e7a de correu electr\u00f2nic per tal de rebre tota la informaci\u00f3 relativa al proc\u00e9s d&#8217;admissi\u00f3.<\/span><\/span><\/strong> <\/span><\/span><\/h3>\n<p style=\"text-align: center;\">Les fam\u00edlies podran fer tantes sol\u00b7licituds com vullga, <span style=\"text-decoration: underline;\"><strong>per\u00f2 sols ser\u00e0 v\u00e0lida l&#8217;\u00faltima presentada<\/strong><\/span> i pr\u00e8viament confirmada en l\u2019aplicaci\u00f3 telem\u00e0tica.<\/p>\n<h4 style=\"text-align: center;\"><span style=\"text-decoration: underline; color: #ff0000;\"><strong>Si&nbsp; no disposa de recursos per omplir la sol\u00b7licitud de forma telem\u00e0tica cal reserve cita des del <a href=\"https:\/\/calendly.com\/ceipsanchis\/cita-previa-secretaria-ceip-m-sanchis-alminano?month=2021-05\" target=\"_blank\" rel=\"noopener\">seg\u00fcent enlla\u00e7<\/a> o es pose en contacte amb el centre i demane cita pr\u00e8via al tel\u00e8fon<br>962 566 540 o al correu electr\u00f2nic <a href=\"mailto:menjadorsanchis@gmail.com\">menjadorsanchis@gmail.com<\/a>.<\/strong><\/span><\/h4>\n<p style=\"text-align: center;\">&nbsp;<\/p>\n\n","protected":false},"excerpt":{"rendered":"<p>Les fam\u00edlies sols podem omplir la sol\u00b7licitud per a l&#8217;admissi\u00f3 de forma telem\u00e0tica seguint aquestos enlla\u00e7os: A) Primer cal obtenir la \u00abClau d&#8217;admissi\u00f3\u00bb La clau d\u2019acc\u00e9s la pots sol\u00b7licitar a partir del 25 de maig per a les etapes d\u2019Infantil i Prim\u00e0ria.Pot aconseguir-la picant AC\u00cd. Amb l\u2019usuari que generes podr\u00e0s presentar la sol\u00b7licitud d\u2019un \u00fanic&hellip; <a href=\"http:\/\/blogs.alaquas.net\/maestrosanchis\/?page_id=2616\">Read More<\/a><\/p>\n","protected":false},"author":2,"featured_media":0,"parent":0,"menu_order":0,"comment_status":"closed","ping_status":"closed","template":"","meta":{"_exactmetrics_skip_tracking":false,"_exactmetrics_sitenote_active":false,"_exactmetrics_sitenote_note":"","_exactmetrics_sitenote_category":0,"ngg_post_thumbnail":0,"footnotes":""},"_links":{"self":[{"href":"http:\/\/blogs.alaquas.net\/maestrosanchis\/index.php?rest_route=\/wp\/v2\/pages\/2616"}],"collection":[{"href":"http:\/\/blogs.alaquas.net\/maestrosanchis\/index.php?rest_route=\/wp\/v2\/pages"}],"about":[{"href":"http:\/\/blogs.alaquas.net\/maestrosanchis\/index.php?rest_route=\/wp\/v2\/types\/page"}],"author":[{"embeddable":true,"href":"http:\/\/blogs.alaquas.net\/maestrosanchis\/index.php?rest_route=\/wp\/v2\/users\/2"}],"replies":[{"embeddable":true,"href":"http:\/\/blogs.alaquas.net\/maestrosanchis\/index.php?rest_route=%2Fwp%2Fv2%2Fcomments&post=2616"}],"version-history":[{"count":13,"href":"http:\/\/blogs.alaquas.net\/maestrosanchis\/index.php?rest_route=\/wp\/v2\/pages\/2616\/revisions"}],"predecessor-version":[{"id":21416,"href":"http:\/\/blogs.alaquas.net\/maestrosanchis\/index.php?rest_route=\/wp\/v2\/pages\/2616\/revisions\/21416"}],"wp:attachment":[{"href":"http:\/\/blogs.alaquas.net\/maestrosanchis\/index.php?rest_route=%2Fwp%2Fv2%2Fmedia&parent=2616"}],"curies":[{"name":"wp","href":"https:\/\/api.w.org\/{rel}","templated":true}]}}