{"id":290,"date":"2016-05-09T00:01:50","date_gmt":"2016-05-08T22:01:50","guid":{"rendered":"http:\/\/blogs.alaquas.net\/maestrosanchis\/?page_id=290"},"modified":"2023-03-26T11:20:48","modified_gmt":"2023-03-26T09:20:48","slug":"vacants-que-disposem","status":"publish","type":"page","link":"http:\/\/blogs.alaquas.net\/maestrosanchis\/?page_id=290","title":{"rendered":"ADM Vacants de que disposem."},"content":{"rendered":"<p>&nbsp;<\/p>\n<p style=\"text-align: center;\"><a href=\"http:\/\/blogs.alaquas.net\/maestrosanchis\/wp-content\/uploads\/2013\/03\/decisiones.jpg\"><img loading=\"lazy\" decoding=\"async\" class=\"aligncenter wp-image-2217\" src=\"http:\/\/blogs.alaquas.net\/maestrosanchis\/wp-content\/uploads\/2013\/03\/decisiones-300x300.jpg\" alt=\"decisiones\" width=\"135\" height=\"139\"><\/a><br \/>\nSi vol con\u00e8ixer les vacants de que disposa el nostre col\u00b7legi de cara al proper curs 2021-2021 sols cal piques sobre l&#8217;enlla\u00e7 que m\u00e9s t&#8217;interesse:<\/p>\n<h6 style=\"text-align: center;\"><a href=\"http:\/\/blogs.alaquas.net\/maestrosanchis\/wp-content\/uploads\/2021\/05\/Vacants-Infantil-2021-2022.pdf\" target=\"_blank\" rel=\"noopener\">Vacants en Educaci\u00f3 Infantil per al curs 2021-2022<\/a><br \/>\n<a href=\"http:\/\/blogs.alaquas.net\/maestrosanchis\/wp-content\/uploads\/2021\/05\/Vacants-Primaria-2021-2022.pdf\" target=\"_blank\" rel=\"noopener\">Vacants en Educaci\u00f3 Prim\u00e0ria per al curs 2021-2022<\/a><\/h6>\n<p>&nbsp;<\/p>\n<p style=\"text-align: center;\">&nbsp;<\/p>\n","protected":false},"excerpt":{"rendered":"<p>&nbsp; Si vol con\u00e8ixer les vacants de que disposa el nostre col\u00b7legi de cara al proper curs 2021-2021 sols cal piques sobre l&#8217;enlla\u00e7 que m\u00e9s t&#8217;interesse: Vacants en Educaci\u00f3 Infantil per al curs 2021-2022 Vacants en Educaci\u00f3 Prim\u00e0ria per al curs 2021-2022 &nbsp; &nbsp;<\/p>\n","protected":false},"author":2,"featured_media":0,"parent":0,"menu_order":0,"comment_status":"closed","ping_status":"closed","template":"","meta":{"_exactmetrics_skip_tracking":false,"_exactmetrics_sitenote_active":false,"_exactmetrics_sitenote_note":"","_exactmetrics_sitenote_category":0,"ngg_post_thumbnail":0,"footnotes":""},"_links":{"self":[{"href":"http:\/\/blogs.alaquas.net\/maestrosanchis\/index.php?rest_route=\/wp\/v2\/pages\/290"}],"collection":[{"href":"http:\/\/blogs.alaquas.net\/maestrosanchis\/index.php?rest_route=\/wp\/v2\/pages"}],"about":[{"href":"http:\/\/blogs.alaquas.net\/maestrosanchis\/index.php?rest_route=\/wp\/v2\/types\/page"}],"author":[{"embeddable":true,"href":"http:\/\/blogs.alaquas.net\/maestrosanchis\/index.php?rest_route=\/wp\/v2\/users\/2"}],"replies":[{"embeddable":true,"href":"http:\/\/blogs.alaquas.net\/maestrosanchis\/index.php?rest_route=%2Fwp%2Fv2%2Fcomments&post=290"}],"version-history":[{"count":10,"href":"http:\/\/blogs.alaquas.net\/maestrosanchis\/index.php?rest_route=\/wp\/v2\/pages\/290\/revisions"}],"predecessor-version":[{"id":21417,"href":"http:\/\/blogs.alaquas.net\/maestrosanchis\/index.php?rest_route=\/wp\/v2\/pages\/290\/revisions\/21417"}],"wp:attachment":[{"href":"http:\/\/blogs.alaquas.net\/maestrosanchis\/index.php?rest_route=%2Fwp%2Fv2%2Fmedia&parent=290"}],"curies":[{"name":"wp","href":"https:\/\/api.w.org\/{rel}","templated":true}]}}