{"id":45,"date":"2013-03-13T12:34:40","date_gmt":"2013-03-13T12:34:40","guid":{"rendered":"http:\/\/blogs.alaquas.net\/maestrosanchis\/?page_id=45"},"modified":"2023-08-11T12:35:24","modified_gmt":"2023-08-11T10:35:24","slug":"matriculacion","status":"publish","type":"page","link":"http:\/\/blogs.alaquas.net\/maestrosanchis\/?page_id=45","title":{"rendered":"ADM Admissi\u00f3 Curs 2023-2024"},"content":{"rendered":"<p style=\"text-align: center;\"><a href=\"http:\/\/blogs.alaquas.net\/maestrosanchis\/wp-content\/uploads\/2013\/03\/document-1446078_640.jpg\"><img loading=\"lazy\" decoding=\"async\" class=\"aligncenter size-medium wp-image-13818\" src=\"http:\/\/blogs.alaquas.net\/maestrosanchis\/wp-content\/uploads\/2013\/03\/document-1446078_640-300x168.jpg\" alt=\"document-1446078_640\" width=\"300\" height=\"168\" srcset=\"http:\/\/blogs.alaquas.net\/maestrosanchis\/wp-content\/uploads\/2013\/03\/document-1446078_640-300x168.jpg 300w, http:\/\/blogs.alaquas.net\/maestrosanchis\/wp-content\/uploads\/2013\/03\/document-1446078_640.jpg 640w\" sizes=\"(max-width: 300px) 100vw, 300px\" \/><\/a>Conforme apareguen novetats relacionades amb el proc\u00e9s d&#8217;admissi\u00f3 de cara al proper curs escolar vos les anirem publicant en aquest apartat.<br>\u00c9s convenient entreu amb relativa freq\u00fc\u00e8ncia per tal de con\u00e8ixer les novetats o et subscrigues al nostre butllet\u00ed de novetats que trobar\u00e0s a la part dreta de la nostra p\u00e0gina inicial i aix\u00ed rebr\u00e0s un av\u00eds al teu correu cada vegada es publiquen.<\/p>\n<p style=\"text-align: center;\">Necessites m\u00e9s informaci\u00f3? mira els seg\u00fcents enlla\u00e7os:<\/p>\n<p><img loading=\"lazy\" decoding=\"async\" class=\"aligncenter size-full wp-image-13209\" src=\"http:\/\/blogs.alaquas.net\/maestrosanchis\/wp-content\/uploads\/2016\/11\/rellotge.jpg.jpg\" alt=\"\" width=\"274\" height=\"184\"><\/p>\n<p style=\"text-align: center;\"><strong>EN CONSTRUCCI\u00d3. <\/strong><\/p>\n<p style=\"text-align: center;\"><strong>M\u00c9S INFORMACI\u00d3 PROPERAMENT.<\/strong><\/p>\n\n","protected":false},"excerpt":{"rendered":"<p>Conforme apareguen novetats relacionades amb el proc\u00e9s d&#8217;admissi\u00f3 de cara al proper curs escolar vos les anirem publicant en aquest apartat.\u00c9s convenient entreu amb relativa freq\u00fc\u00e8ncia per tal de con\u00e8ixer les novetats o et subscrigues al nostre butllet\u00ed de novetats que trobar\u00e0s a la part dreta de la nostra p\u00e0gina inicial i aix\u00ed rebr\u00e0s un&hellip; <a href=\"http:\/\/blogs.alaquas.net\/maestrosanchis\/?page_id=45\">Read More<\/a><\/p>\n","protected":false},"author":1,"featured_media":0,"parent":0,"menu_order":0,"comment_status":"closed","ping_status":"closed","template":"","meta":{"_exactmetrics_skip_tracking":false,"_exactmetrics_sitenote_active":false,"_exactmetrics_sitenote_note":"","_exactmetrics_sitenote_category":0,"ngg_post_thumbnail":0,"footnotes":""},"_links":{"self":[{"href":"http:\/\/blogs.alaquas.net\/maestrosanchis\/index.php?rest_route=\/wp\/v2\/pages\/45"}],"collection":[{"href":"http:\/\/blogs.alaquas.net\/maestrosanchis\/index.php?rest_route=\/wp\/v2\/pages"}],"about":[{"href":"http:\/\/blogs.alaquas.net\/maestrosanchis\/index.php?rest_route=\/wp\/v2\/types\/page"}],"author":[{"embeddable":true,"href":"http:\/\/blogs.alaquas.net\/maestrosanchis\/index.php?rest_route=\/wp\/v2\/users\/1"}],"replies":[{"embeddable":true,"href":"http:\/\/blogs.alaquas.net\/maestrosanchis\/index.php?rest_route=%2Fwp%2Fv2%2Fcomments&post=45"}],"version-history":[{"count":14,"href":"http:\/\/blogs.alaquas.net\/maestrosanchis\/index.php?rest_route=\/wp\/v2\/pages\/45\/revisions"}],"predecessor-version":[{"id":25615,"href":"http:\/\/blogs.alaquas.net\/maestrosanchis\/index.php?rest_route=\/wp\/v2\/pages\/45\/revisions\/25615"}],"wp:attachment":[{"href":"http:\/\/blogs.alaquas.net\/maestrosanchis\/index.php?rest_route=%2Fwp%2Fv2%2Fmedia&parent=45"}],"curies":[{"name":"wp","href":"https:\/\/api.w.org\/{rel}","templated":true}]}}