{"id":15,"date":"2009-05-28T12:09:23","date_gmt":"2009-05-28T10:09:23","guid":{"rendered":"http:\/\/blogs.alaquas.net\/mercat\/?page_id=15"},"modified":"2014-07-25T11:14:56","modified_gmt":"2014-07-25T10:14:56","slug":"venedors","status":"publish","type":"page","link":"http:\/\/blogs.alaquas.net\/mercat\/?page_id=15","title":{"rendered":"Venedors"},"content":{"rendered":"<ul>\n<li>Pescados Manoli<\/li>\n<li>Pescados frescos y congelados Victoria, Lol\u00edn y Jose<\/li>\n<li>Aceitunas y salazones Rosita<\/li>\n<li>Carnicer\u00eda Inmaculada<\/li>\n<li>Xarcuteria Araceli<\/li>\n<li>Charcuter\u00eda y quesos Vicen<\/li>\n<li>Poller\u00eda Castillo<\/li>\n<li>L&#8217;horta d&#8217;Alimentaci\u00f3<\/li>\n<li>Carnes Adri\u00e1n<\/li>\n<li>Legumbres y especias Lola S\u00e1ez<\/li>\n<li>Lol\u00edn Frutas y verduras<\/li>\n<li>Frutas Amparo<\/li>\n<li>Frutas y verduras Garc\u00eda<\/li>\n<li>Bar Mercat<\/li>\n<\/ul>\n","protected":false},"excerpt":{"rendered":"<p>Pescados Manoli Pescados frescos y congelados Victoria, Lol\u00edn y Jose Aceitunas y salazones Rosita Carnicer\u00eda Inmaculada Xarcuteria Araceli Charcuter\u00eda y quesos Vicen Poller\u00eda Castillo L&#8217;horta d&#8217;Alimentaci\u00f3 Carnes Adri\u00e1n Legumbres y especias Lola S\u00e1ez Lol\u00edn Frutas y verduras Frutas Amparo Frutas &hellip; <a href=\"http:\/\/blogs.alaquas.net\/mercat\/?page_id=15\">Sigue leyendo <span class=\"meta-nav\">&rarr;<\/span><\/a><\/p>\n","protected":false},"author":1,"featured_media":0,"parent":0,"menu_order":4,"comment_status":"closed","ping_status":"closed","template":"","meta":[],"_links":{"self":[{"href":"http:\/\/blogs.alaquas.net\/mercat\/index.php?rest_route=\/wp\/v2\/pages\/15"}],"collection":[{"href":"http:\/\/blogs.alaquas.net\/mercat\/index.php?rest_route=\/wp\/v2\/pages"}],"about":[{"href":"http:\/\/blogs.alaquas.net\/mercat\/index.php?rest_route=\/wp\/v2\/types\/page"}],"author":[{"embeddable":true,"href":"http:\/\/blogs.alaquas.net\/mercat\/index.php?rest_route=\/wp\/v2\/users\/1"}],"replies":[{"embeddable":true,"href":"http:\/\/blogs.alaquas.net\/mercat\/index.php?rest_route=%2Fwp%2Fv2%2Fcomments&post=15"}],"version-history":[{"count":20,"href":"http:\/\/blogs.alaquas.net\/mercat\/index.php?rest_route=\/wp\/v2\/pages\/15\/revisions"}],"predecessor-version":[{"id":579,"href":"http:\/\/blogs.alaquas.net\/mercat\/index.php?rest_route=\/wp\/v2\/pages\/15\/revisions\/579"}],"wp:attachment":[{"href":"http:\/\/blogs.alaquas.net\/mercat\/index.php?rest_route=%2Fwp%2Fv2%2Fmedia&parent=15"}],"curies":[{"name":"wp","href":"https:\/\/api.w.org\/{rel}","templated":true}]}}