{"id":2,"date":"2009-05-28T10:17:02","date_gmt":"2009-05-28T08:17:02","guid":{"rendered":"http:\/\/blogs.alaquas.net\/mercat\/?page_id=2"},"modified":"2014-07-23T08:13:59","modified_gmt":"2014-07-23T07:13:59","slug":"informacion","status":"publish","type":"page","link":"http:\/\/blogs.alaquas.net\/mercat\/","title":{"rendered":"El Mercat"},"content":{"rendered":"<p>El Mercat Municipal est\u00e0 situat en el carrer Vicent Andr\u00e9s Estell\u00e9s d&#8217;Alaqu\u00e0s.<\/p>\n<p style=\"text-align: center;\"><a href=\"http:\/\/blogs.alaquas.net\/mercat\/wp-content\/uploads\/2009\/05\/IMG_0076.jpg\" rel=\"shadowbox[sbpost-2];player=img;\"><img loading=\"lazy\" class=\"aligncenter wp-image-571 size-medium\" title=\"Mercat 01\" src=\"http:\/\/blogs.alaquas.net\/mercat\/wp-content\/uploads\/2009\/05\/IMG_0076-600x400.jpg\" alt=\"\" width=\"600\" height=\"400\" srcset=\"http:\/\/blogs.alaquas.net\/mercat\/wp-content\/uploads\/2009\/05\/IMG_0076-600x400.jpg 600w, http:\/\/blogs.alaquas.net\/mercat\/wp-content\/uploads\/2009\/05\/IMG_0076-1024x682.jpg 1024w, http:\/\/blogs.alaquas.net\/mercat\/wp-content\/uploads\/2009\/05\/IMG_0076-450x300.jpg 450w, http:\/\/blogs.alaquas.net\/mercat\/wp-content\/uploads\/2009\/05\/IMG_0076.jpg 1728w\" sizes=\"(max-width: 600px) 100vw, 600px\" \/><\/a><\/p>\n<p><strong><span style=\"color: #008000;\">Hist\u00f2ria<\/span><\/strong><\/p>\n<p style=\"text-align: left;\">Abans de la ubicaci\u00f3 actual, el Mercat Municipal estava enclavat en la Pla\u00e7a dels Ollers, que \u00e9s una zona del centre hist\u00f2ric d&#8217;Alaqu\u00e0s. El mercat ambulant es feia als carrers dels voltants, principalment al carrer Els Benlliure. A mesura que la poblaci\u00f3 del municipi anava augmentant, el Mercat anava quedant-se menut. Donat que la pla\u00e7a on es feia era una zona\u00a0tancada i no permetia l&#8217;ampliaci\u00f3, es va decidir traslladar el Mercat Municipal i el mercat ambulant a una altra zona del poble que reunira les condicions adequades. Per aquest motiu es va construir l&#8217;actual Mercat.<\/p>\n<p style=\"text-align: center;\"><a href=\"http:\/\/blogs.alaquas.net\/mercat\/wp-content\/uploads\/2009\/05\/2009-05-05-mercat-02.jpg\" rel=\"shadowbox[sbpost-2];player=img;\"><img loading=\"lazy\" class=\"aligncenter size-medium wp-image-301\" title=\"Mercat 02\" src=\"http:\/\/blogs.alaquas.net\/mercat\/wp-content\/uploads\/2009\/05\/2009-05-05-mercat-02-600x448.jpg\" alt=\"Mercat 02\" width=\"480\" height=\"358\" srcset=\"http:\/\/blogs.alaquas.net\/mercat\/wp-content\/uploads\/2009\/05\/2009-05-05-mercat-02-600x448.jpg 600w, http:\/\/blogs.alaquas.net\/mercat\/wp-content\/uploads\/2009\/05\/2009-05-05-mercat-02-1024x766.jpg 1024w\" sizes=\"(max-width: 480px) 100vw, 480px\" \/><\/a><\/p>\n<p style=\"text-align: left;\">El nou\u00a0Mercat Municipal es va fer l&#8217;any 1982. A l&#8217;any 1993 es va fer una remodelaci\u00f3 amb la finalitat de modernitzar les instal\u00b7lacions. A l&#8217;any 2004 i per a adaptar-se a les parades actuals, al Mercat es va fer una obra d&#8217;actuaci\u00f3 on es va reduir la superf\u00edcie total constru\u00efda que va passar de 1.800 m2 a 1.076,80 m2 i la superf\u00edcie de venda que va passar de 719.76 m2 a 337,63 m2. Amb aquesta \u00faltima reforma, s&#8217;ha aconseguit que el Mercat siga acollidor, modern i adaptat a la demanda dels consumidors.<\/p>\n<p style=\"text-align: center;\"><a href=\"http:\/\/blogs.alaquas.net\/mercat\/wp-content\/uploads\/2009\/05\/2009-05-05-mercat-03.jpg\" rel=\"shadowbox[sbpost-2];player=img;\"><img loading=\"lazy\" class=\"aligncenter size-medium wp-image-302\" title=\"Mercat 03\" src=\"http:\/\/blogs.alaquas.net\/mercat\/wp-content\/uploads\/2009\/05\/2009-05-05-mercat-03-600x448.jpg\" alt=\"Mercat 03\" width=\"480\" height=\"358\" srcset=\"http:\/\/blogs.alaquas.net\/mercat\/wp-content\/uploads\/2009\/05\/2009-05-05-mercat-03-600x448.jpg 600w, http:\/\/blogs.alaquas.net\/mercat\/wp-content\/uploads\/2009\/05\/2009-05-05-mercat-03-1024x766.jpg 1024w\" sizes=\"(max-width: 480px) 100vw, 480px\" \/><\/a><\/p>\n<p><strong><span style=\"color: #008000;\">Galeria d&#8217;imatges<\/span><\/strong><\/p>\n<div>\n\n\t\t<style type=\"text\/css\">\n\t\t\t#gallery-1 {\n\t\t\t\tmargin: auto;\n\t\t\t}\n\t\t\t#gallery-1 .gallery-item {\n\t\t\t\tfloat: left;\n\t\t\t\tmargin-top: 10px;\n\t\t\t\ttext-align: center;\n\t\t\t\twidth: 33%;\n\t\t\t}\n\t\t\t#gallery-1 img {\n\t\t\t\tborder: 2px solid #cfcfcf;\n\t\t\t}\n\t\t\t#gallery-1 .gallery-caption {\n\t\t\t\tmargin-left: 0;\n\t\t\t}\n\t\t\t\/* see gallery_shortcode() in wp-includes\/media.php *\/\n\t\t<\/style>\n\t\t<div id='gallery-1' class='gallery galleryid-2 gallery-columns-3 gallery-size-thumbnail'><dl class='gallery-item'>\n\t\t\t<dt class='gallery-icon landscape'>\n\t\t\t\t<a href='http:\/\/blogs.alaquas.net\/mercat\/wp-content\/uploads\/2009\/05\/IMG_0076.jpg' rel='shadowbox[sbalbum-2];player=img;'><img width=\"150\" height=\"150\" src=\"http:\/\/blogs.alaquas.net\/mercat\/wp-content\/uploads\/2009\/05\/IMG_0076-150x150.jpg\" class=\"attachment-thumbnail size-thumbnail\" alt=\"\" loading=\"lazy\" \/><\/a>\n\t\t\t<\/dt><\/dl><dl class='gallery-item'>\n\t\t\t<dt class='gallery-icon landscape'>\n\t\t\t\t<a href='http:\/\/blogs.alaquas.net\/mercat\/wp-content\/uploads\/2009\/05\/mercat-01.jpg' rel='shadowbox[sbalbum-2];player=img;'><img width=\"150\" height=\"150\" src=\"http:\/\/blogs.alaquas.net\/mercat\/wp-content\/uploads\/2009\/05\/mercat-01-150x150.jpg\" class=\"attachment-thumbnail size-thumbnail\" alt=\"\" loading=\"lazy\" \/><\/a>\n\t\t\t<\/dt><\/dl><dl class='gallery-item'>\n\t\t\t<dt class='gallery-icon landscape'>\n\t\t\t\t<a href='http:\/\/blogs.alaquas.net\/mercat\/wp-content\/uploads\/2009\/05\/mercat-02.jpg' rel='shadowbox[sbalbum-2];player=img;'><img width=\"150\" height=\"150\" src=\"http:\/\/blogs.alaquas.net\/mercat\/wp-content\/uploads\/2009\/05\/mercat-02-150x150.jpg\" class=\"attachment-thumbnail size-thumbnail\" alt=\"\" loading=\"lazy\" \/><\/a>\n\t\t\t<\/dt><\/dl><br style=\"clear: both\" \/><dl class='gallery-item'>\n\t\t\t<dt class='gallery-icon landscape'>\n\t\t\t\t<a href='http:\/\/blogs.alaquas.net\/mercat\/wp-content\/uploads\/2009\/05\/mercat-03.jpg' rel='shadowbox[sbalbum-2];player=img;'><img width=\"150\" height=\"150\" src=\"http:\/\/blogs.alaquas.net\/mercat\/wp-content\/uploads\/2009\/05\/mercat-03-150x150.jpg\" class=\"attachment-thumbnail size-thumbnail\" alt=\"\" loading=\"lazy\" \/><\/a>\n\t\t\t<\/dt><\/dl><dl class='gallery-item'>\n\t\t\t<dt class='gallery-icon landscape'>\n\t\t\t\t<a href='http:\/\/blogs.alaquas.net\/mercat\/wp-content\/uploads\/2009\/05\/2009-05-05-mercat-01_2.jpg' rel='shadowbox[sbalbum-2];player=img;'><img width=\"150\" height=\"150\" src=\"http:\/\/blogs.alaquas.net\/mercat\/wp-content\/uploads\/2009\/05\/2009-05-05-mercat-01_2-150x150.jpg\" class=\"attachment-thumbnail size-thumbnail\" alt=\"\" loading=\"lazy\" \/><\/a>\n\t\t\t<\/dt><\/dl><dl class='gallery-item'>\n\t\t\t<dt class='gallery-icon landscape'>\n\t\t\t\t<a href='http:\/\/blogs.alaquas.net\/mercat\/wp-content\/uploads\/2009\/05\/2009-05-05-mercat-02.jpg' rel='shadowbox[sbalbum-2];player=img;'><img width=\"150\" height=\"150\" src=\"http:\/\/blogs.alaquas.net\/mercat\/wp-content\/uploads\/2009\/05\/2009-05-05-mercat-02-150x150.jpg\" class=\"attachment-thumbnail size-thumbnail\" alt=\"\" loading=\"lazy\" \/><\/a>\n\t\t\t<\/dt><\/dl><br style=\"clear: both\" \/><dl class='gallery-item'>\n\t\t\t<dt class='gallery-icon landscape'>\n\t\t\t\t<a href='http:\/\/blogs.alaquas.net\/mercat\/wp-content\/uploads\/2009\/05\/2009-05-05-mercat-03.jpg' rel='shadowbox[sbalbum-2];player=img;'><img width=\"150\" height=\"150\" src=\"http:\/\/blogs.alaquas.net\/mercat\/wp-content\/uploads\/2009\/05\/2009-05-05-mercat-03-150x150.jpg\" class=\"attachment-thumbnail size-thumbnail\" alt=\"\" loading=\"lazy\" \/><\/a>\n\t\t\t<\/dt><\/dl>\n\t\t\t<br style='clear: both' \/>\n\t\t<\/div>\n\n<\/div>\n","protected":false},"excerpt":{"rendered":"<p>El Mercat Municipal est\u00e0 situat en el carrer Vicent Andr\u00e9s Estell\u00e9s d&#8217;Alaqu\u00e0s. Hist\u00f2ria Abans de la ubicaci\u00f3 actual, el Mercat Municipal estava enclavat en la Pla\u00e7a dels Ollers, que \u00e9s una zona del centre hist\u00f2ric d&#8217;Alaqu\u00e0s. El mercat ambulant es &hellip; <a href=\"http:\/\/blogs.alaquas.net\/mercat\/\">Sigue leyendo <span class=\"meta-nav\">&rarr;<\/span><\/a><\/p>\n","protected":false},"author":1,"featured_media":0,"parent":0,"menu_order":1,"comment_status":"closed","ping_status":"closed","template":"","meta":[],"_links":{"self":[{"href":"http:\/\/blogs.alaquas.net\/mercat\/index.php?rest_route=\/wp\/v2\/pages\/2"}],"collection":[{"href":"http:\/\/blogs.alaquas.net\/mercat\/index.php?rest_route=\/wp\/v2\/pages"}],"about":[{"href":"http:\/\/blogs.alaquas.net\/mercat\/index.php?rest_route=\/wp\/v2\/types\/page"}],"author":[{"embeddable":true,"href":"http:\/\/blogs.alaquas.net\/mercat\/index.php?rest_route=\/wp\/v2\/users\/1"}],"replies":[{"embeddable":true,"href":"http:\/\/blogs.alaquas.net\/mercat\/index.php?rest_route=%2Fwp%2Fv2%2Fcomments&post=2"}],"version-history":[{"count":45,"href":"http:\/\/blogs.alaquas.net\/mercat\/index.php?rest_route=\/wp\/v2\/pages\/2\/revisions"}],"predecessor-version":[{"id":573,"href":"http:\/\/blogs.alaquas.net\/mercat\/index.php?rest_route=\/wp\/v2\/pages\/2\/revisions\/573"}],"wp:attachment":[{"href":"http:\/\/blogs.alaquas.net\/mercat\/index.php?rest_route=%2Fwp%2Fv2%2Fmedia&parent=2"}],"curies":[{"name":"wp","href":"https:\/\/api.w.org\/{rel}","templated":true}]}}