{"id":31,"date":"2009-05-29T07:47:01","date_gmt":"2009-05-29T05:47:01","guid":{"rendered":"http:\/\/blogs.alaquas.net\/mercat\/?page_id=31"},"modified":"2009-06-11T09:27:02","modified_gmt":"2009-06-11T07:27:02","slug":"lassociacio","status":"publish","type":"page","link":"http:\/\/blogs.alaquas.net\/mercat\/?page_id=31","title":{"rendered":"L&#8217;Associaci\u00f3"},"content":{"rendered":"<p style=\"text-align: left;\">L&#8217;Associaci\u00f3 de Venedors del Mercat d&#8217;Alaqu\u00e0s \u00e9s una associaci\u00f3 creada en octubre de 2000 en la qual estan tots els venedors del Mercat.<\/p>\n<p style=\"text-align: center;\"><a href=\"http:\/\/blogs.alaquas.net\/mercat\/wp-content\/uploads\/2009\/05\/img_1405-1280x768.jpg\" rel=\"shadowbox[sbpost-31];player=img;\"><img loading=\"lazy\" class=\"aligncenter size-medium wp-image-391\" title=\"Associaci\u00f3 del Mercat\" src=\"http:\/\/blogs.alaquas.net\/mercat\/wp-content\/uploads\/2009\/05\/img_1405-1280x768-600x400.jpg\" alt=\"Associaci\u00f3 del Mercat\" width=\"480\" height=\"320\" srcset=\"http:\/\/blogs.alaquas.net\/mercat\/wp-content\/uploads\/2009\/05\/img_1405-1280x768-600x400.jpg 600w, http:\/\/blogs.alaquas.net\/mercat\/wp-content\/uploads\/2009\/05\/img_1405-1280x768-1024x682.jpg 1024w, http:\/\/blogs.alaquas.net\/mercat\/wp-content\/uploads\/2009\/05\/img_1405-1280x768.jpg 1152w\" sizes=\"(max-width: 480px) 100vw, 480px\" \/><\/a><\/p>\n<p style=\"text-align: left;\">Les finalitats de l&#8217;Associaci\u00f3 s\u00f3n les de promoure la cooperaci\u00f3 entre els venedors, fomentar i impulsar les vendes del mercat, establir pautes comuns de funcionament del Mercat, establir les necessitats tant individual com colectives de les parades i els seus titulars salvaguardant els interesos i procurant el suport de tots els associats.<\/p>\n<p style=\"text-align: left;\">Les principals activitats de l&#8217;Associaci\u00f3 s\u00f3n la realitzaci\u00f3 de campanyes de promoci\u00f3 comercial i realitzaci\u00f3 d&#8217;actuacions de difusi\u00f3 del Mercat.<\/p>\n<p style=\"text-align: left;\">La presidenta de l&#8217;Associaci\u00f3 \u00e9s Isabel Mesa Redondo.<\/p>\n","protected":false},"excerpt":{"rendered":"<p>L&#8217;Associaci\u00f3 de Venedors del Mercat d&#8217;Alaqu\u00e0s \u00e9s una associaci\u00f3 creada en octubre de 2000 en la qual estan tots els venedors del Mercat. Les finalitats de l&#8217;Associaci\u00f3 s\u00f3n les de promoure la cooperaci\u00f3 entre els venedors, fomentar i impulsar les &hellip; <a href=\"http:\/\/blogs.alaquas.net\/mercat\/?page_id=31\">Sigue leyendo <span class=\"meta-nav\">&rarr;<\/span><\/a><\/p>\n","protected":false},"author":2,"featured_media":0,"parent":0,"menu_order":2,"comment_status":"closed","ping_status":"open","template":"","meta":[],"_links":{"self":[{"href":"http:\/\/blogs.alaquas.net\/mercat\/index.php?rest_route=\/wp\/v2\/pages\/31"}],"collection":[{"href":"http:\/\/blogs.alaquas.net\/mercat\/index.php?rest_route=\/wp\/v2\/pages"}],"about":[{"href":"http:\/\/blogs.alaquas.net\/mercat\/index.php?rest_route=\/wp\/v2\/types\/page"}],"author":[{"embeddable":true,"href":"http:\/\/blogs.alaquas.net\/mercat\/index.php?rest_route=\/wp\/v2\/users\/2"}],"replies":[{"embeddable":true,"href":"http:\/\/blogs.alaquas.net\/mercat\/index.php?rest_route=%2Fwp%2Fv2%2Fcomments&post=31"}],"version-history":[{"count":11,"href":"http:\/\/blogs.alaquas.net\/mercat\/index.php?rest_route=\/wp\/v2\/pages\/31\/revisions"}],"predecessor-version":[{"id":309,"href":"http:\/\/blogs.alaquas.net\/mercat\/index.php?rest_route=\/wp\/v2\/pages\/31\/revisions\/309"}],"wp:attachment":[{"href":"http:\/\/blogs.alaquas.net\/mercat\/index.php?rest_route=%2Fwp%2Fv2%2Fmedia&parent=31"}],"curies":[{"name":"wp","href":"https:\/\/api.w.org\/{rel}","templated":true}]}}