{"id":60,"date":"2009-05-29T11:17:35","date_gmt":"2009-05-29T09:17:35","guid":{"rendered":"http:\/\/blogs.alaquas.net\/mercat\/?page_id=60"},"modified":"2009-06-02T09:23:26","modified_gmt":"2009-06-02T07:23:26","slug":"carniceria-inmaculada","status":"publish","type":"page","link":"http:\/\/blogs.alaquas.net\/mercat\/?page_id=60","title":{"rendered":"&#8211; Carnicer\u00eda Inmaculada"},"content":{"rendered":"<p style=\"text-align: left;\"><span style=\"color: #008000;\"><strong><\/strong><\/span><\/p>\n<p style=\"text-align: left;\"><span style=\"color: #008000;\"><strong><\/strong><\/span><\/p>\n<p style=\"text-align: center;\"><span style=\"color: #008000;\"><strong><\/strong><\/span><\/p>\n<p style=\"text-align: center;\"><span style=\"color: #008000;\"><strong><a href=\"http:\/\/blogs.alaquas.net\/mercat\/wp-content\/uploads\/2009\/05\/2009-05-05-parada-10-inmaculada-lopez-02.jpg\" rel=\"shadowbox[sbpost-60];player=img;\"><img loading=\"lazy\" class=\"aligncenter size-medium wp-image-205\" title=\"Carnicer\u00eda Inmaculada\" src=\"http:\/\/blogs.alaquas.net\/mercat\/wp-content\/uploads\/2009\/05\/2009-05-05-parada-10-inmaculada-lopez-02-600x448.jpg\" alt=\"Carnicer\u00eda Inmaculada\" width=\"480\" height=\"358\" srcset=\"http:\/\/blogs.alaquas.net\/mercat\/wp-content\/uploads\/2009\/05\/2009-05-05-parada-10-inmaculada-lopez-02-600x448.jpg 600w, http:\/\/blogs.alaquas.net\/mercat\/wp-content\/uploads\/2009\/05\/2009-05-05-parada-10-inmaculada-lopez-02-1024x766.jpg 1024w\" sizes=\"(max-width: 480px) 100vw, 480px\" \/><\/a><\/strong><\/span><\/p>\n<p style=\"text-align: left;\"><span style=\"color: #008000;\"><strong>Horari<\/strong><\/span><\/p>\n<p>De dimarts a dissabte, de 8.00 a 14.00 i divendres de 17.00 a 20.00<\/p>\n<p><span style=\"color: #008000;\"><strong>Tel\u00e9fon y persona de contacte<\/strong><\/span><\/p>\n<p>635 76 90 36 (Inmaculada L\u00f3pez Arcas)<\/p>\n<p><span style=\"color: #008000;\"><strong>Descripci\u00f3<\/strong><\/span><\/p>\n<p><em>Venta de embutidos de cuenca, carnes selectas de cerdo,\u00a0cordero, ternera, conejo y aves.<\/em><\/p>\n<p><em>Realizaci\u00f3n de adobos caseros de lomo y magro, pinchos, hamburguesas, empanadillas de pollo, sobrasada casera, nuggets, pelotas para cocido, albondigas, etc.<\/em><\/p>\n<p><em>Productos frescos.<\/em><\/p>\n","protected":false},"excerpt":{"rendered":"<p>Horari De dimarts a dissabte, de 8.00 a 14.00 i divendres de 17.00 a 20.00 Tel\u00e9fon y persona de contacte 635 76 90 36 (Inmaculada L\u00f3pez Arcas) Descripci\u00f3 Venta de embutidos de cuenca, carnes selectas de cerdo,\u00a0cordero, ternera, conejo y &hellip; <a href=\"http:\/\/blogs.alaquas.net\/mercat\/?page_id=60\">Sigue leyendo <span class=\"meta-nav\">&rarr;<\/span><\/a><\/p>\n","protected":false},"author":2,"featured_media":0,"parent":15,"menu_order":10,"comment_status":"closed","ping_status":"closed","template":"","meta":[],"_links":{"self":[{"href":"http:\/\/blogs.alaquas.net\/mercat\/index.php?rest_route=\/wp\/v2\/pages\/60"}],"collection":[{"href":"http:\/\/blogs.alaquas.net\/mercat\/index.php?rest_route=\/wp\/v2\/pages"}],"about":[{"href":"http:\/\/blogs.alaquas.net\/mercat\/index.php?rest_route=\/wp\/v2\/types\/page"}],"author":[{"embeddable":true,"href":"http:\/\/blogs.alaquas.net\/mercat\/index.php?rest_route=\/wp\/v2\/users\/2"}],"replies":[{"embeddable":true,"href":"http:\/\/blogs.alaquas.net\/mercat\/index.php?rest_route=%2Fwp%2Fv2%2Fcomments&post=60"}],"version-history":[{"count":8,"href":"http:\/\/blogs.alaquas.net\/mercat\/index.php?rest_route=\/wp\/v2\/pages\/60\/revisions"}],"predecessor-version":[{"id":204,"href":"http:\/\/blogs.alaquas.net\/mercat\/index.php?rest_route=\/wp\/v2\/pages\/60\/revisions\/204"}],"up":[{"embeddable":true,"href":"http:\/\/blogs.alaquas.net\/mercat\/index.php?rest_route=\/wp\/v2\/pages\/15"}],"wp:attachment":[{"href":"http:\/\/blogs.alaquas.net\/mercat\/index.php?rest_route=%2Fwp%2Fv2%2Fmedia&parent=60"}],"curies":[{"name":"wp","href":"https:\/\/api.w.org\/{rel}","templated":true}]}}