{"id":66,"date":"2009-05-29T11:26:15","date_gmt":"2009-05-29T09:26:15","guid":{"rendered":"http:\/\/blogs.alaquas.net\/mercat\/?page_id=66"},"modified":"2009-06-02T09:51:01","modified_gmt":"2009-06-02T07:51:01","slug":"xarcuteria-araceli","status":"publish","type":"page","link":"http:\/\/blogs.alaquas.net\/mercat\/?page_id=66","title":{"rendered":"&#8211; Xarcuteria Araceli"},"content":{"rendered":"<p style=\"text-align: left;\"><span style=\"color: #008000;\"><strong><\/strong><\/span><\/p>\n<p style=\"text-align: left;\"><span style=\"color: #008000;\"><strong><\/strong><\/span><\/p>\n<p style=\"text-align: center;\"><span style=\"color: #008000;\"><strong><\/strong><\/span><\/p>\n<p style=\"text-align: center;\"><span style=\"color: #008000;\"><strong><a href=\"http:\/\/blogs.alaquas.net\/mercat\/wp-content\/uploads\/2009\/05\/2009-05-05-parada-13-araceli-colliga-01.jpg\" rel=\"shadowbox[sbpost-66];player=img;\"><img loading=\"lazy\" class=\"aligncenter size-medium wp-image-211\" title=\"Xarcuteria Araceli\" src=\"http:\/\/blogs.alaquas.net\/mercat\/wp-content\/uploads\/2009\/05\/2009-05-05-parada-13-araceli-colliga-01-600x448.jpg\" alt=\"Xarcuteria Araceli\" width=\"480\" height=\"358\" srcset=\"http:\/\/blogs.alaquas.net\/mercat\/wp-content\/uploads\/2009\/05\/2009-05-05-parada-13-araceli-colliga-01-600x448.jpg 600w, http:\/\/blogs.alaquas.net\/mercat\/wp-content\/uploads\/2009\/05\/2009-05-05-parada-13-araceli-colliga-01-1024x766.jpg 1024w\" sizes=\"(max-width: 480px) 100vw, 480px\" \/><\/a><\/strong><\/span><\/p>\n<p style=\"text-align: left;\"><span style=\"color: #008000;\"><strong>Horari<\/strong><\/span><\/p>\n<p>De dilluns a\u00a0dissabte, de 8.00 a 14.00 i divendres de 17.00 a 20.00<\/p>\n<p><span style=\"color: #008000;\"><strong>Tel\u00e9fon y persona de contacte<\/strong><\/span><\/p>\n<p>649 76 40 64 (Araceli Colliga Cueva)<\/p>\n<p><span style=\"color: #008000;\"><strong>Descripci\u00f3<\/strong><\/span><\/p>\n<p><em>Especialidad charcuter\u00eda, quesos de\u00a0cabra, embutidos de Xirivella, jam\u00f3n de Segorbe, conservas y salazones, ib\u00e9ricos de Salamanca.<\/em><\/p>\n<p><em>Pastas y licores.<\/em><\/p>\n","protected":false},"excerpt":{"rendered":"<p>Horari De dilluns a\u00a0dissabte, de 8.00 a 14.00 i divendres de 17.00 a 20.00 Tel\u00e9fon y persona de contacte 649 76 40 64 (Araceli Colliga Cueva) Descripci\u00f3 Especialidad charcuter\u00eda, quesos de\u00a0cabra, embutidos de Xirivella, jam\u00f3n de Segorbe, conservas y salazones, &hellip; <a href=\"http:\/\/blogs.alaquas.net\/mercat\/?page_id=66\">Sigue leyendo <span class=\"meta-nav\">&rarr;<\/span><\/a><\/p>\n","protected":false},"author":2,"featured_media":0,"parent":15,"menu_order":13,"comment_status":"closed","ping_status":"closed","template":"","meta":[],"_links":{"self":[{"href":"http:\/\/blogs.alaquas.net\/mercat\/index.php?rest_route=\/wp\/v2\/pages\/66"}],"collection":[{"href":"http:\/\/blogs.alaquas.net\/mercat\/index.php?rest_route=\/wp\/v2\/pages"}],"about":[{"href":"http:\/\/blogs.alaquas.net\/mercat\/index.php?rest_route=\/wp\/v2\/types\/page"}],"author":[{"embeddable":true,"href":"http:\/\/blogs.alaquas.net\/mercat\/index.php?rest_route=\/wp\/v2\/users\/2"}],"replies":[{"embeddable":true,"href":"http:\/\/blogs.alaquas.net\/mercat\/index.php?rest_route=%2Fwp%2Fv2%2Fcomments&post=66"}],"version-history":[{"count":8,"href":"http:\/\/blogs.alaquas.net\/mercat\/index.php?rest_route=\/wp\/v2\/pages\/66\/revisions"}],"predecessor-version":[{"id":257,"href":"http:\/\/blogs.alaquas.net\/mercat\/index.php?rest_route=\/wp\/v2\/pages\/66\/revisions\/257"}],"up":[{"embeddable":true,"href":"http:\/\/blogs.alaquas.net\/mercat\/index.php?rest_route=\/wp\/v2\/pages\/15"}],"wp:attachment":[{"href":"http:\/\/blogs.alaquas.net\/mercat\/index.php?rest_route=%2Fwp%2Fv2%2Fmedia&parent=66"}],"curies":[{"name":"wp","href":"https:\/\/api.w.org\/{rel}","templated":true}]}}