{"id":68,"date":"2009-05-29T11:26:36","date_gmt":"2009-05-29T09:26:36","guid":{"rendered":"http:\/\/blogs.alaquas.net\/mercat\/?page_id=68"},"modified":"2009-06-02T11:23:11","modified_gmt":"2009-06-02T09:23:11","slug":"charcuteria-y-quesos-vicen","status":"publish","type":"page","link":"http:\/\/blogs.alaquas.net\/mercat\/?page_id=68","title":{"rendered":"&#8211; Charcuter\u00eda y quesos Vicen"},"content":{"rendered":"<p style=\"text-align: left;\"><span style=\"color: #008000;\"><strong><\/strong><\/span><\/p>\n<p style=\"text-align: left;\"><span style=\"color: #008000;\"><strong><\/strong><\/span><\/p>\n<p style=\"text-align: center;\"><span style=\"color: #008000;\"><strong><\/strong><\/span><\/p>\n<p style=\"text-align: center;\"><span style=\"color: #008000;\"><strong><a href=\"http:\/\/blogs.alaquas.net\/mercat\/wp-content\/uploads\/2009\/05\/2009-05-05-parada-14-vicenta-gabarda-01.jpg\" rel=\"shadowbox[sbpost-68];player=img;\"><img loading=\"lazy\" class=\"aligncenter size-medium wp-image-213\" title=\"Charcuter\u00eda y quesos Vicen\" src=\"http:\/\/blogs.alaquas.net\/mercat\/wp-content\/uploads\/2009\/05\/2009-05-05-parada-14-vicenta-gabarda-01-600x448.jpg\" alt=\"Charcuter\u00eda y quesos Vicen\" width=\"480\" height=\"358\" srcset=\"http:\/\/blogs.alaquas.net\/mercat\/wp-content\/uploads\/2009\/05\/2009-05-05-parada-14-vicenta-gabarda-01-600x448.jpg 600w, http:\/\/blogs.alaquas.net\/mercat\/wp-content\/uploads\/2009\/05\/2009-05-05-parada-14-vicenta-gabarda-01-1024x766.jpg 1024w\" sizes=\"(max-width: 480px) 100vw, 480px\" \/><\/a><\/strong><\/span><\/p>\n<p style=\"text-align: left;\"><span style=\"color: #008000;\"><strong>Horari<\/strong><\/span><\/p>\n<p>De dilluns a\u00a0dissabte, de 8.00 a 14.00 i divendres de 17.00 a 20.00<\/p>\n<p><span style=\"color: #008000;\"><strong>Tel\u00e9fon y persona de contacte<\/strong><\/span><\/p>\n<p>606 56 52 88 (Vicenta Gabarda Ma\u00f1es)<\/p>\n<p><span style=\"color: #008000;\"><strong>Descripci\u00f3<\/strong><\/span><\/p>\n<p><em>Buen surtido de quesos y fiambres y varios tipos de jam\u00f3n al corte.<\/em><\/p>\n<p><em>Se corta y envasa al vac\u00edo al momento.<\/em><\/p>\n","protected":false},"excerpt":{"rendered":"<p>Horari De dilluns a\u00a0dissabte, de 8.00 a 14.00 i divendres de 17.00 a 20.00 Tel\u00e9fon y persona de contacte 606 56 52 88 (Vicenta Gabarda Ma\u00f1es) Descripci\u00f3 Buen surtido de quesos y fiambres y varios tipos de jam\u00f3n al corte. &hellip; <a href=\"http:\/\/blogs.alaquas.net\/mercat\/?page_id=68\">Sigue leyendo <span class=\"meta-nav\">&rarr;<\/span><\/a><\/p>\n","protected":false},"author":2,"featured_media":0,"parent":15,"menu_order":14,"comment_status":"closed","ping_status":"closed","template":"","meta":[],"_links":{"self":[{"href":"http:\/\/blogs.alaquas.net\/mercat\/index.php?rest_route=\/wp\/v2\/pages\/68"}],"collection":[{"href":"http:\/\/blogs.alaquas.net\/mercat\/index.php?rest_route=\/wp\/v2\/pages"}],"about":[{"href":"http:\/\/blogs.alaquas.net\/mercat\/index.php?rest_route=\/wp\/v2\/types\/page"}],"author":[{"embeddable":true,"href":"http:\/\/blogs.alaquas.net\/mercat\/index.php?rest_route=\/wp\/v2\/users\/2"}],"replies":[{"embeddable":true,"href":"http:\/\/blogs.alaquas.net\/mercat\/index.php?rest_route=%2Fwp%2Fv2%2Fcomments&post=68"}],"version-history":[{"count":8,"href":"http:\/\/blogs.alaquas.net\/mercat\/index.php?rest_route=\/wp\/v2\/pages\/68\/revisions"}],"predecessor-version":[{"id":285,"href":"http:\/\/blogs.alaquas.net\/mercat\/index.php?rest_route=\/wp\/v2\/pages\/68\/revisions\/285"}],"up":[{"embeddable":true,"href":"http:\/\/blogs.alaquas.net\/mercat\/index.php?rest_route=\/wp\/v2\/pages\/15"}],"wp:attachment":[{"href":"http:\/\/blogs.alaquas.net\/mercat\/index.php?rest_route=%2Fwp%2Fv2%2Fmedia&parent=68"}],"curies":[{"name":"wp","href":"https:\/\/api.w.org\/{rel}","templated":true}]}}