{"id":7,"date":"2009-05-28T11:25:20","date_gmt":"2009-05-28T09:25:20","guid":{"rendered":"http:\/\/blogs.alaquas.net\/mercat\/?page_id=7"},"modified":"2009-06-15T09:51:27","modified_gmt":"2009-06-15T07:51:27","slug":"contacte","status":"publish","type":"page","link":"http:\/\/blogs.alaquas.net\/mercat\/?page_id=7","title":{"rendered":"Contacte"},"content":{"rendered":"<p style=\"text-align: center;\"><img loading=\"lazy\" class=\"aligncenter size-medium wp-image-394\" title=\"Logo Mercat\" src=\"http:\/\/blogs.alaquas.net\/mercat\/wp-content\/uploads\/2009\/05\/logo-mercat-600x277.jpg\" alt=\"Logo Mercat\" width=\"360\" height=\"166\" srcset=\"http:\/\/blogs.alaquas.net\/mercat\/wp-content\/uploads\/2009\/05\/logo-mercat-600x277.jpg 600w, http:\/\/blogs.alaquas.net\/mercat\/wp-content\/uploads\/2009\/05\/logo-mercat-1024x473.jpg 1024w\" sizes=\"(max-width: 360px) 100vw, 360px\" \/><\/p>\n<p>Si vols contactar amb l&#8217;Associaci\u00f3 de Venedors del Mercat d&#8217;Alaqu\u00e0s, pots\u00a0visitar-nos\u00a0en el carrer Vicent Andr\u00e9s Estell\u00e9s o cridar-nos al tel\u00e8fon 96 150 77 79.<\/p>\n<p>L&#8217;horari d&#8217;atenci\u00f3 \u00e9s de dilluns a dissabte de mat\u00ed i els divendres de vesprada.<\/p>\n","protected":false},"excerpt":{"rendered":"<p>Si vols contactar amb l&#8217;Associaci\u00f3 de Venedors del Mercat d&#8217;Alaqu\u00e0s, pots\u00a0visitar-nos\u00a0en el carrer Vicent Andr\u00e9s Estell\u00e9s o cridar-nos al tel\u00e8fon 96 150 77 79. L&#8217;horari d&#8217;atenci\u00f3 \u00e9s de dilluns a dissabte de mat\u00ed i els divendres de vesprada.<\/p>\n","protected":false},"author":1,"featured_media":0,"parent":0,"menu_order":6,"comment_status":"closed","ping_status":"closed","template":"","meta":[],"_links":{"self":[{"href":"http:\/\/blogs.alaquas.net\/mercat\/index.php?rest_route=\/wp\/v2\/pages\/7"}],"collection":[{"href":"http:\/\/blogs.alaquas.net\/mercat\/index.php?rest_route=\/wp\/v2\/pages"}],"about":[{"href":"http:\/\/blogs.alaquas.net\/mercat\/index.php?rest_route=\/wp\/v2\/types\/page"}],"author":[{"embeddable":true,"href":"http:\/\/blogs.alaquas.net\/mercat\/index.php?rest_route=\/wp\/v2\/users\/1"}],"replies":[{"embeddable":true,"href":"http:\/\/blogs.alaquas.net\/mercat\/index.php?rest_route=%2Fwp%2Fv2%2Fcomments&post=7"}],"version-history":[{"count":13,"href":"http:\/\/blogs.alaquas.net\/mercat\/index.php?rest_route=\/wp\/v2\/pages\/7\/revisions"}],"predecessor-version":[{"id":9,"href":"http:\/\/blogs.alaquas.net\/mercat\/index.php?rest_route=\/wp\/v2\/pages\/7\/revisions\/9"}],"wp:attachment":[{"href":"http:\/\/blogs.alaquas.net\/mercat\/index.php?rest_route=%2Fwp%2Fv2%2Fmedia&parent=7"}],"curies":[{"name":"wp","href":"https:\/\/api.w.org\/{rel}","templated":true}]}}