{"id":77,"date":"2009-05-29T11:30:17","date_gmt":"2009-05-29T09:30:17","guid":{"rendered":"http:\/\/blogs.alaquas.net\/mercat\/?page_id=77"},"modified":"2009-06-24T13:27:16","modified_gmt":"2009-06-24T11:27:16","slug":"lola-saez-jimenez","status":"publish","type":"page","link":"http:\/\/blogs.alaquas.net\/mercat\/?page_id=77","title":{"rendered":"&#8211; Legumbres y especias Lola S\u00e1ez"},"content":{"rendered":"<p style=\"text-align: left;\"><span style=\"color: #008000;\"><strong><\/strong><\/span><\/p>\n<p style=\"text-align: left;\"><span style=\"color: #008000;\"><strong><\/strong><\/span><\/p>\n<p style=\"text-align: center;\"><span style=\"color: #008000;\"><strong><\/strong><\/span><\/p>\n<p style=\"text-align: center;\"><span style=\"color: #008000;\"><strong><a href=\"http:\/\/blogs.alaquas.net\/mercat\/wp-content\/uploads\/2009\/05\/2009-05-05-parada-18-mdolores-mora-01.jpg\" rel=\"shadowbox[sbpost-77];player=img;\"><img loading=\"lazy\" class=\"aligncenter size-medium wp-image-224\" title=\"Lola Saez Jim\u00e9nez\" src=\"http:\/\/blogs.alaquas.net\/mercat\/wp-content\/uploads\/2009\/05\/2009-05-05-parada-18-mdolores-mora-01-600x448.jpg\" alt=\"Lola Saez Jim\u00e9nez\" width=\"480\" height=\"358\" srcset=\"http:\/\/blogs.alaquas.net\/mercat\/wp-content\/uploads\/2009\/05\/2009-05-05-parada-18-mdolores-mora-01-600x448.jpg 600w, http:\/\/blogs.alaquas.net\/mercat\/wp-content\/uploads\/2009\/05\/2009-05-05-parada-18-mdolores-mora-01-1024x766.jpg 1024w\" sizes=\"(max-width: 480px) 100vw, 480px\" \/><\/a><\/strong><\/span><\/p>\n<p style=\"text-align: left;\"><span style=\"color: #008000;\"><strong>Horari<\/strong><\/span><\/p>\n<p>De dilluns a dissabte de 8.30 a 14.00 i divendres de 17.00 a 20.00<\/p>\n<p><span style=\"color: #008000;\"><strong>Tel\u00e9fon y persona de contacte<\/strong><\/span><\/p>\n<p>636 79 60 33 (Lola S\u00e1ez Jim\u00e9nez)<\/p>\n<p><span style=\"color: #008000;\"><strong>Descripci\u00f3<\/strong><\/span><\/p>\n<p><em>Parada tradicional de legumbres, muy recomendable su consumo para llegar a edades avanzadas.<\/em><\/p>\n<p><em>Especialidades: judias de fabada asturiana, judi\u00f3n de granja, jud\u00edas de la Virgen del Pilar, jud\u00edas de canela, extreme\u00f1as, etc., guijas, altramuces secos, lenteja pelada, harina de guija y de garbanzo, arroz valenciano, arroz bomba y mediano para perros.<\/em><\/p>\n<p><em>Toda clase de especies enteras y molidas, diferentes variedades de piment\u00f3n, azafr\u00e1n de hierba, pimientos choriceros, \u00f1oras y tomates secos.<\/em><\/p>\n<p><em>Hierbas medicinales.<\/em><\/p>\n<p><em>Nueces del terreno, pasas de Corinto, moscatel, sin hueso, d\u00e1tiles de rama, orejones, ciruelas pasas, bayas Goji.<\/em><\/p>\n<p><em>Golosinas.<\/em><\/p>\n","protected":false},"excerpt":{"rendered":"<p>Horari De dilluns a dissabte de 8.30 a 14.00 i divendres de 17.00 a 20.00 Tel\u00e9fon y persona de contacte 636 79 60 33 (Lola S\u00e1ez Jim\u00e9nez) Descripci\u00f3 Parada tradicional de legumbres, muy recomendable su consumo para llegar a edades &hellip; <a href=\"http:\/\/blogs.alaquas.net\/mercat\/?page_id=77\">Sigue leyendo <span class=\"meta-nav\">&rarr;<\/span><\/a><\/p>\n","protected":false},"author":2,"featured_media":0,"parent":15,"menu_order":20,"comment_status":"closed","ping_status":"closed","template":"","meta":[],"_links":{"self":[{"href":"http:\/\/blogs.alaquas.net\/mercat\/index.php?rest_route=\/wp\/v2\/pages\/77"}],"collection":[{"href":"http:\/\/blogs.alaquas.net\/mercat\/index.php?rest_route=\/wp\/v2\/pages"}],"about":[{"href":"http:\/\/blogs.alaquas.net\/mercat\/index.php?rest_route=\/wp\/v2\/types\/page"}],"author":[{"embeddable":true,"href":"http:\/\/blogs.alaquas.net\/mercat\/index.php?rest_route=\/wp\/v2\/users\/2"}],"replies":[{"embeddable":true,"href":"http:\/\/blogs.alaquas.net\/mercat\/index.php?rest_route=%2Fwp%2Fv2%2Fcomments&post=77"}],"version-history":[{"count":9,"href":"http:\/\/blogs.alaquas.net\/mercat\/index.php?rest_route=\/wp\/v2\/pages\/77\/revisions"}],"predecessor-version":[{"id":421,"href":"http:\/\/blogs.alaquas.net\/mercat\/index.php?rest_route=\/wp\/v2\/pages\/77\/revisions\/421"}],"up":[{"embeddable":true,"href":"http:\/\/blogs.alaquas.net\/mercat\/index.php?rest_route=\/wp\/v2\/pages\/15"}],"wp:attachment":[{"href":"http:\/\/blogs.alaquas.net\/mercat\/index.php?rest_route=%2Fwp%2Fv2%2Fmedia&parent=77"}],"curies":[{"name":"wp","href":"https:\/\/api.w.org\/{rel}","templated":true}]}}