{"id":79,"date":"2009-05-29T11:32:15","date_gmt":"2009-05-29T09:32:15","guid":{"rendered":"http:\/\/blogs.alaquas.net\/mercat\/?page_id=79"},"modified":"2009-06-24T13:29:59","modified_gmt":"2009-06-24T11:29:59","slug":"lolin-frutas-y-verduras","status":"publish","type":"page","link":"http:\/\/blogs.alaquas.net\/mercat\/?page_id=79","title":{"rendered":"&#8211; Lol\u00edn frutas y verduras"},"content":{"rendered":"<p style=\"text-align: left;\"><span style=\"color: #008000;\"><strong><\/strong><\/span><\/p>\n<p style=\"text-align: left;\"><span style=\"color: #008000;\"><strong><\/strong><\/span><\/p>\n<p style=\"text-align: center;\"><span style=\"color: #008000;\"><strong><\/strong><\/span><\/p>\n<p style=\"text-align: center;\"><span style=\"color: #008000;\"><strong><a href=\"http:\/\/blogs.alaquas.net\/mercat\/wp-content\/uploads\/2009\/05\/2009-05-05-parada-20-mdolores-mora-01.jpg\" rel=\"shadowbox[sbpost-79];player=img;\"><img loading=\"lazy\" class=\"aligncenter size-medium wp-image-226\" title=\"Lol\u00edn frutas y verduras\" src=\"http:\/\/blogs.alaquas.net\/mercat\/wp-content\/uploads\/2009\/05\/2009-05-05-parada-20-mdolores-mora-01-600x448.jpg\" alt=\"Lol\u00edn frutas y verduras\" width=\"480\" height=\"358\" srcset=\"http:\/\/blogs.alaquas.net\/mercat\/wp-content\/uploads\/2009\/05\/2009-05-05-parada-20-mdolores-mora-01-600x448.jpg 600w, http:\/\/blogs.alaquas.net\/mercat\/wp-content\/uploads\/2009\/05\/2009-05-05-parada-20-mdolores-mora-01-1024x766.jpg 1024w\" sizes=\"(max-width: 480px) 100vw, 480px\" \/><\/a><\/strong><\/span><\/p>\n<p style=\"text-align: left;\"><span style=\"color: #008000;\"><strong>Horari<\/strong><\/span><\/p>\n<p>De dilluns a dissabte, de 8.00 a 14.00 i divendres de 17.00 a 20.00<\/p>\n<p><span style=\"color: #008000;\"><strong>Tel\u00e9fon y persona de contacte<\/strong><\/span><\/p>\n<p>625 54 84 48 (Maria Dolores Mora Aguilar)<\/p>\n<p><span style=\"color: #008000;\"><strong>Descripci\u00f3<\/strong><\/span><\/p>\n<p><em>Frutas frescas y de temporada: manzanas, pl\u00e1tanos, n\u00edsperos, ciruelos, uvas, sand\u00eda, etc.<\/em><\/p>\n<p><em>Frutas tropicales: aguacates, chirimoyas, mangos, etc.<\/em><\/p>\n<p><em>Verduras: especialidad en tomates valencianos, lechugas, cebollas, berenjenas, pimientos, jud\u00edas verdes, guisantes, r\u00e1banos, hojaroble, etc.<\/em><\/p>\n","protected":false},"excerpt":{"rendered":"<p>Horari De dilluns a dissabte, de 8.00 a 14.00 i divendres de 17.00 a 20.00 Tel\u00e9fon y persona de contacte 625 54 84 48 (Maria Dolores Mora Aguilar) Descripci\u00f3 Frutas frescas y de temporada: manzanas, pl\u00e1tanos, n\u00edsperos, ciruelos, uvas, sand\u00eda, &hellip; <a href=\"http:\/\/blogs.alaquas.net\/mercat\/?page_id=79\">Sigue leyendo <span class=\"meta-nav\">&rarr;<\/span><\/a><\/p>\n","protected":false},"author":2,"featured_media":0,"parent":15,"menu_order":20,"comment_status":"closed","ping_status":"closed","template":"","meta":[],"_links":{"self":[{"href":"http:\/\/blogs.alaquas.net\/mercat\/index.php?rest_route=\/wp\/v2\/pages\/79"}],"collection":[{"href":"http:\/\/blogs.alaquas.net\/mercat\/index.php?rest_route=\/wp\/v2\/pages"}],"about":[{"href":"http:\/\/blogs.alaquas.net\/mercat\/index.php?rest_route=\/wp\/v2\/types\/page"}],"author":[{"embeddable":true,"href":"http:\/\/blogs.alaquas.net\/mercat\/index.php?rest_route=\/wp\/v2\/users\/2"}],"replies":[{"embeddable":true,"href":"http:\/\/blogs.alaquas.net\/mercat\/index.php?rest_route=%2Fwp%2Fv2%2Fcomments&post=79"}],"version-history":[{"count":9,"href":"http:\/\/blogs.alaquas.net\/mercat\/index.php?rest_route=\/wp\/v2\/pages\/79\/revisions"}],"predecessor-version":[{"id":265,"href":"http:\/\/blogs.alaquas.net\/mercat\/index.php?rest_route=\/wp\/v2\/pages\/79\/revisions\/265"}],"up":[{"embeddable":true,"href":"http:\/\/blogs.alaquas.net\/mercat\/index.php?rest_route=\/wp\/v2\/pages\/15"}],"wp:attachment":[{"href":"http:\/\/blogs.alaquas.net\/mercat\/index.php?rest_route=%2Fwp%2Fv2%2Fmedia&parent=79"}],"curies":[{"name":"wp","href":"https:\/\/api.w.org\/{rel}","templated":true}]}}