{"id":83,"date":"2009-05-29T11:33:35","date_gmt":"2009-05-29T09:33:35","guid":{"rendered":"http:\/\/blogs.alaquas.net\/mercat\/?page_id=83"},"modified":"2014-07-25T11:25:06","modified_gmt":"2014-07-25T10:25:06","slug":"frutas-y-verduras-jose-y-loli","status":"publish","type":"page","link":"http:\/\/blogs.alaquas.net\/mercat\/?page_id=83","title":{"rendered":"&#8211; Frutas Amparo"},"content":{"rendered":"<p style=\"text-align: left;\">\n<p style=\"text-align: left;\">\n<p style=\"text-align: center;\">\n<p style=\"text-align: center;\"><span style=\"color: #008000;\"><strong><a href=\"http:\/\/blogs.alaquas.net\/mercat\/wp-content\/uploads\/2009\/05\/2009-05-05-parada-22-jvicente-casaban-02.jpg\" rel=\"shadowbox[sbpost-83];player=img;\"><img loading=\"lazy\" class=\"aligncenter size-medium wp-image-230\" title=\"Frutas y verduras Jose y Loli\" src=\"http:\/\/blogs.alaquas.net\/mercat\/wp-content\/uploads\/2009\/05\/2009-05-05-parada-22-jvicente-casaban-02-600x448.jpg\" alt=\"Frutas y verduras Jose y Loli\" width=\"480\" height=\"358\" srcset=\"http:\/\/blogs.alaquas.net\/mercat\/wp-content\/uploads\/2009\/05\/2009-05-05-parada-22-jvicente-casaban-02-600x448.jpg 600w, http:\/\/blogs.alaquas.net\/mercat\/wp-content\/uploads\/2009\/05\/2009-05-05-parada-22-jvicente-casaban-02-1024x766.jpg 1024w\" sizes=\"(max-width: 480px) 100vw, 480px\" \/><\/a><\/strong><\/span><\/p>\n<p style=\"text-align: left;\"><span style=\"color: #008000;\"><strong>Horari<\/strong><\/span><\/p>\n<p>De dimarts a dissabte, de 7.30 a 14.00 i divendres de 17.00 a 20.00<\/p>\n<p><span style=\"color: #008000;\"><strong>Tel\u00e9fon y persona de contacte<\/strong><\/span><\/p>\n<p>636 28 40 22 (Jose Vicente Casab\u00e1n Valero)<\/p>\n<p><span style=\"color: #008000;\"><strong>Descripci\u00f3<\/strong><\/span><\/p>\n<p><em>Venta de productos propios: habas, mandarinas, patatas, alcachofas y naranjas.<\/em><\/p>\n<p><em>Productos del terreno: lechugas, patatas y anteriores.<\/em><\/p>\n<p><em>Productos tropicales: mango, aguacate y pi\u00f1as.<\/em><\/p>\n<p><em>Servicios: pelamos habas, cortamos sand\u00edas y melones.<\/em><\/p>\n","protected":false},"excerpt":{"rendered":"<p>Horari De dimarts a dissabte, de 7.30 a 14.00 i divendres de 17.00 a 20.00 Tel\u00e9fon y persona de contacte 636 28 40 22 (Jose Vicente Casab\u00e1n Valero) Descripci\u00f3 Venta de productos propios: habas, mandarinas, patatas, alcachofas y naranjas. Productos &hellip; <a href=\"http:\/\/blogs.alaquas.net\/mercat\/?page_id=83\">Sigue leyendo <span class=\"meta-nav\">&rarr;<\/span><\/a><\/p>\n","protected":false},"author":2,"featured_media":0,"parent":15,"menu_order":22,"comment_status":"closed","ping_status":"closed","template":"","meta":[],"_links":{"self":[{"href":"http:\/\/blogs.alaquas.net\/mercat\/index.php?rest_route=\/wp\/v2\/pages\/83"}],"collection":[{"href":"http:\/\/blogs.alaquas.net\/mercat\/index.php?rest_route=\/wp\/v2\/pages"}],"about":[{"href":"http:\/\/blogs.alaquas.net\/mercat\/index.php?rest_route=\/wp\/v2\/types\/page"}],"author":[{"embeddable":true,"href":"http:\/\/blogs.alaquas.net\/mercat\/index.php?rest_route=\/wp\/v2\/users\/2"}],"replies":[{"embeddable":true,"href":"http:\/\/blogs.alaquas.net\/mercat\/index.php?rest_route=%2Fwp%2Fv2%2Fcomments&post=83"}],"version-history":[{"count":10,"href":"http:\/\/blogs.alaquas.net\/mercat\/index.php?rest_route=\/wp\/v2\/pages\/83\/revisions"}],"predecessor-version":[{"id":586,"href":"http:\/\/blogs.alaquas.net\/mercat\/index.php?rest_route=\/wp\/v2\/pages\/83\/revisions\/586"}],"up":[{"embeddable":true,"href":"http:\/\/blogs.alaquas.net\/mercat\/index.php?rest_route=\/wp\/v2\/pages\/15"}],"wp:attachment":[{"href":"http:\/\/blogs.alaquas.net\/mercat\/index.php?rest_route=%2Fwp%2Fv2%2Fmedia&parent=83"}],"curies":[{"name":"wp","href":"https:\/\/api.w.org\/{rel}","templated":true}]}}