{"id":87,"date":"2009-05-29T11:34:24","date_gmt":"2009-05-29T09:34:24","guid":{"rendered":"http:\/\/blogs.alaquas.net\/mercat\/?page_id=87"},"modified":"2009-06-02T11:41:47","modified_gmt":"2009-06-02T09:41:47","slug":"bar-mercat","status":"publish","type":"page","link":"http:\/\/blogs.alaquas.net\/mercat\/?page_id=87","title":{"rendered":"&#8211; Bar Mercat"},"content":{"rendered":"<p style=\"text-align: left;\"><span style=\"color: #008000;\"><strong><\/strong><\/span><\/p>\n<p style=\"text-align: left;\"><span style=\"color: #008000;\"><strong><\/strong><\/span><\/p>\n<p style=\"text-align: center;\"><span style=\"color: #008000;\"><strong><\/strong><\/span><\/p>\n<p style=\"text-align: center;\"><span style=\"color: #008000;\"><strong><a href=\"http:\/\/blogs.alaquas.net\/mercat\/wp-content\/uploads\/2009\/05\/2009-05-05-bar-mercat-01.jpg\" rel=\"shadowbox[sbpost-87];player=img;\"><img loading=\"lazy\" class=\"aligncenter size-medium wp-image-234\" title=\"Bar Mercat\" src=\"http:\/\/blogs.alaquas.net\/mercat\/wp-content\/uploads\/2009\/05\/2009-05-05-bar-mercat-01-600x448.jpg\" alt=\"Bar Mercat\" width=\"480\" height=\"358\" srcset=\"http:\/\/blogs.alaquas.net\/mercat\/wp-content\/uploads\/2009\/05\/2009-05-05-bar-mercat-01-600x448.jpg 600w, http:\/\/blogs.alaquas.net\/mercat\/wp-content\/uploads\/2009\/05\/2009-05-05-bar-mercat-01-1024x766.jpg 1024w\" sizes=\"(max-width: 480px) 100vw, 480px\" \/><\/a><\/strong><\/span><\/p>\n<p style=\"text-align: left;\"><span style=\"color: #008000;\"><strong>Horari<\/strong><\/span><\/p>\n<p>De dilluns a\u00a0dissabte, de 6.30 a 16.30<\/p>\n<p><span style=\"color: #008000;\"><strong>Tel\u00e9fon y persona de contacte<\/strong><\/span><\/p>\n<p>628 32 34 68 (Francisco Rodr\u00edguez Robles)<\/p>\n<p><span style=\"color: #008000;\"><strong>Descripci\u00f3<\/strong><\/span><\/p>\n<p><em>Cocina casera mediterranea.<\/em><\/p>\n<p><em>20 productos de almuerzos diarios.<\/em><\/p>\n<p><em>Men\u00fa de lunes a viernes: tres primeros y tres segundos a elegir.<\/em><\/p>\n<p><em>Arroces de todo tipo.<\/em><\/p>\n<p><em>Trabajamos toda clase de pescados y mariscos.<\/em><\/p>\n","protected":false},"excerpt":{"rendered":"<p>Horari De dilluns a\u00a0dissabte, de 6.30 a 16.30 Tel\u00e9fon y persona de contacte 628 32 34 68 (Francisco Rodr\u00edguez Robles) Descripci\u00f3 Cocina casera mediterranea. 20 productos de almuerzos diarios. Men\u00fa de lunes a viernes: tres primeros y tres segundos a &hellip; <a href=\"http:\/\/blogs.alaquas.net\/mercat\/?page_id=87\">Sigue leyendo <span class=\"meta-nav\">&rarr;<\/span><\/a><\/p>\n","protected":false},"author":2,"featured_media":0,"parent":15,"menu_order":24,"comment_status":"closed","ping_status":"closed","template":"","meta":[],"_links":{"self":[{"href":"http:\/\/blogs.alaquas.net\/mercat\/index.php?rest_route=\/wp\/v2\/pages\/87"}],"collection":[{"href":"http:\/\/blogs.alaquas.net\/mercat\/index.php?rest_route=\/wp\/v2\/pages"}],"about":[{"href":"http:\/\/blogs.alaquas.net\/mercat\/index.php?rest_route=\/wp\/v2\/types\/page"}],"author":[{"embeddable":true,"href":"http:\/\/blogs.alaquas.net\/mercat\/index.php?rest_route=\/wp\/v2\/users\/2"}],"replies":[{"embeddable":true,"href":"http:\/\/blogs.alaquas.net\/mercat\/index.php?rest_route=%2Fwp%2Fv2%2Fcomments&post=87"}],"version-history":[{"count":8,"href":"http:\/\/blogs.alaquas.net\/mercat\/index.php?rest_route=\/wp\/v2\/pages\/87\/revisions"}],"predecessor-version":[{"id":295,"href":"http:\/\/blogs.alaquas.net\/mercat\/index.php?rest_route=\/wp\/v2\/pages\/87\/revisions\/295"}],"up":[{"embeddable":true,"href":"http:\/\/blogs.alaquas.net\/mercat\/index.php?rest_route=\/wp\/v2\/pages\/15"}],"wp:attachment":[{"href":"http:\/\/blogs.alaquas.net\/mercat\/index.php?rest_route=%2Fwp%2Fv2%2Fmedia&parent=87"}],"curies":[{"name":"wp","href":"https:\/\/api.w.org\/{rel}","templated":true}]}}